{"id":4168,"date":"2019-01-15T10:04:51","date_gmt":"2019-01-15T10:04:51","guid":{"rendered":"http:\/\/bayhas-jeans.com\/?page_id=4168"},"modified":"2021-07-12T08:04:59","modified_gmt":"2021-07-12T08:04:59","slug":"%d8%a7%d8%aa%d8%b5%d9%84-%d8%a8%d9%86%d8%a7","status":"publish","type":"page","link":"https:\/\/bayhas-jeans.com\/ar\/%d8%a7%d8%aa%d8%b5%d9%84-%d8%a8%d9%86%d8%a7\/","title":{"rendered":"\u0627\u062a\u0635\u0644 \u0628\u0646\u0627"},"content":{"rendered":"<section class=\"vc_section contact-v2 contact-v4 contact-v5\">\t<div  class=\"vc_row wpb_row vc_row-fluid vc_custom_1547546642225 ftc-row-wide\"   ><div class=\"wpb_column vc_column_container vc_col-sm-6\"><div class=\"wpb_wrapper\"><div class=\"wpb_gmaps_widget wpb_content_element vc_custom_1624611542512\"><div class=\"wpb_wrapper\"><div class=\"wpb_map_wraper\"><iframe src=\"https:\/\/www.google.com\/maps\/embed?pb=!1m18!1m12!1m3!1d3011.1370541729448!2d28.905032315718685!3d41.00037332785949!2m3!1f0!2f0!3f0!3m2!1i1024!2i768!4f13.1!3m3!1m2!1s0x14cabba74f9961c7%3A0xd45ffcdbc4810fc1!2sBe%C5%9Ftelsiz%2C%20105%2F2.%20Sk.%20No%3A53%2C%2034020%20Zeytinburnu%2F%C4%B0stanbul!5e0!3m2!1sen!2str!4v1624611517427!5m2!1sen!2str\" width=\"600\" height=\"450\" style=\"border:0;\" allowfullscreen=\"\" loading=\"lazy\"><\/iframe><\/div><\/div><\/div><\/div><\/div><div class=\"wpb_column vc_column_container vc_col-sm-6\"><div class=\"wpb_wrapper\"><div class=\"wpb_gmaps_widget wpb_content_element vc_custom_1625822362468\"><div class=\"wpb_wrapper\"><div class=\"wpb_map_wraper\"><iframe src=\"https:\/\/www.google.com\/maps\/embed?pb=!1m18!1m12!1m3!1d3183.996139264104!2d37.3977480152971!3d37.057575179896325!2m3!1f0!2f0!3f0!3m2!1i1024!2i768!4f13.1!3m3!1m2!1s0x0%3A0x0!2zMzfCsDAzJzI3LjMiTiAzN8KwMjMnNTkuOCJF!5e0!3m2!1sen!2str!4v1625822337930!5m2!1sen!2str\" width=\"600\" height=\"450\" style=\"border:0;\" allowfullscreen=\"\" loading=\"lazy\"><\/iframe><\/div><\/div><\/div><\/div><\/div><\/div>\t<div  class=\"vc_row wpb_row vc_row-fluid vc_custom_1547604249607 ftc-row-wide\"   ><div class=\"wpb_column vc_column_container vc_col-sm-4\"><div class=\"wpb_wrapper\">\n\t<div class=\"wpb_text_column wpb_content_element \" >\n\t\t<div class=\"wpb_wrapper\">\n\t\t\t<div class=\"text-col3\">\n<h3><strong>\u0625\u0633\u0637\u0646\u0628\u0648\u0644<\/strong><\/h3>\n<ul>\n<li><span style=\"font-weight: 400;\">00905013327907<\/span><\/li>\n<li><a href=\"#\">info@bayhas-jeans.com<\/a><\/li>\n<li><span style=\"font-weight: 400;\">Be\u015ftelsiz Mh. 105\/2sk. No:53\/A Zeyyinburnu\/IST<\/span><\/li>\n<\/ul>\n<\/div>\n\n\t\t<\/div>\n\t<\/div>\n<\/div><\/div><div class=\"wpb_column vc_column_container vc_col-sm-4\"><div class=\"wpb_wrapper\">\n\t<div class=\"wpb_text_column wpb_content_element \" >\n\t\t<div class=\"wpb_wrapper\">\n\t\t\t<div class=\"text-col3\">\n<h3><strong>\u063a\u0627\u0632\u064a \u0639\u0646\u062a\u0627\u0628<\/strong><\/h3>\n<ul>\n<li><span style=\"font-weight: 400;\">00905013327907<\/span><\/li>\n<li><a href=\"#\">info@bayhas-jeans.com<\/a><\/li>\n<li><span style=\"font-weight: 400;\">Tekstilkent Mah. \u015fehrek\u00fcst\u00fc Sk. No: 27\/2<\/span><span style=\"font-weight: 400;\">\u015eahinbey\/Gaziantep<\/span><\/li>\n<\/ul>\n<\/div>\n\n\t\t<\/div>\n\t<\/div>\n<\/div><\/div><div class=\"wpb_column vc_column_container vc_col-sm-4\"><div class=\"wpb_wrapper\">\n\t<div class=\"wpb_text_column wpb_content_element \" >\n\t\t<div class=\"wpb_wrapper\">\n\t\t\t<h3 style=\"text-align: center; color: #333333;\"><strong>\u0635\u0641\u062d\u0627\u062a \u0627\u0644\u062a\u0648\u0627\u0635\u0644 \u0627\u0644\u0627\u062c\u062a\u0645\u0627\u0639\u064a<\/strong><\/h3>\n<p style=\"text-align: center;\"><a href=\"https:\/\/www.facebook.com\/BayhasJeans\/\"><img loading=\"lazy\" decoding=\"async\" class=\"size-full wp-image-6625\" src=\"http:\/\/bayhas-jeans.com\/wp-content\/uploads\/2021\/06\/facebook.png\" alt=\"\" width=\"32\" height=\"32\" srcset=\"https:\/\/bayhas-jeans.com\/wp-content\/uploads\/2021\/06\/facebook.png 32w, https:\/\/bayhas-jeans.com\/wp-content\/uploads\/2021\/06\/facebook-12x12.png 12w\" sizes=\"auto, (max-width: 32px) 100vw, 32px\" \/> \u00a0<\/a><a href=\"https:\/\/www.instagram.com\/bayhasjeans\/\"><img loading=\"lazy\" decoding=\"async\" class=\"alignnone size-full wp-image-6634 \" src=\"http:\/\/bayhas-jeans.com\/wp-content\/uploads\/2021\/06\/instagram.png\" alt=\"\" width=\"32\" height=\"32\" srcset=\"https:\/\/bayhas-jeans.com\/wp-content\/uploads\/2021\/06\/instagram.png 32w, https:\/\/bayhas-jeans.com\/wp-content\/uploads\/2021\/06\/instagram-12x12.png 12w\" sizes=\"auto, (max-width: 32px) 100vw, 32px\" \/>\u00a0 <\/a>\u00a0<a href=\"https:\/\/twitter.com\/BayhasJeans\/\"><img loading=\"lazy\" decoding=\"async\" class=\"alignnone size-full wp-image-6634 \" src=\"http:\/\/bayhas-jeans.com\/wp-content\/uploads\/2021\/07\/twitter.png\" alt=\"\" width=\"32\" height=\"32\" \/><\/a><\/p>\n\n\t\t<\/div>\n\t<\/div>\n<\/div><\/div><\/div>\t<div  class=\"vc_row wpb_row vc_row-fluid vc_custom_1547604487859 ftc-row-wide\"   ><div class=\"wpb_column vc_column_container vc_col-sm-12 vc_custom_1547604352657\"><div class=\"wpb_wrapper\"><\/div><\/div><\/div>\t<div  class=\"vc_row wpb_row vc_row-fluid ftc-row-wide\"   ><div class=\"wpb_column vc_column_container vc_col-sm-2\"><div class=\"wpb_wrapper\"><\/div><\/div><div class=\"wpb_column vc_column_container vc_col-sm-8\"><div class=\"wpb_wrapper\"><div class=\"ftc-heading heading-1 style-1\"><h1>\u0646\u062d\u0646 \u0633\u0639\u062f\u0627\u0621 \u0628\u0627\u0644\u062a\u0648\u0627\u0635\u0644 \u0645\u0639\u0646\u0627<\/h1><\/div>\n<div class=\"wpcf7 no-js\" id=\"wpcf7-f10-o1\" lang=\"en-US\" dir=\"ltr\" data-wpcf7-id=\"10\">\n<div class=\"screen-reader-response\"><p role=\"status\" aria-live=\"polite\" aria-atomic=\"true\"><\/p> <ul><\/ul><\/div>\n<form action=\"\/ar\/wp-json\/wp\/v2\/pages\/4168#wpcf7-f10-o1\" method=\"post\" class=\"wpcf7-form init\" aria-label=\"Contact form\" novalidate=\"novalidate\" data-status=\"init\">\n<fieldset class=\"hidden-fields-container\"><input type=\"hidden\" name=\"_wpcf7\" value=\"10\" \/><input type=\"hidden\" name=\"_wpcf7_version\" value=\"6.1.5\" \/><input type=\"hidden\" name=\"_wpcf7_locale\" value=\"en_US\" \/><input type=\"hidden\" name=\"_wpcf7_unit_tag\" value=\"wpcf7-f10-o1\" \/><input type=\"hidden\" name=\"_wpcf7_container_post\" value=\"0\" \/><input type=\"hidden\" name=\"_wpcf7_posted_data_hash\" value=\"\" \/><input type=\"hidden\" name=\"_wpcf7_recaptcha_response\" value=\"\" \/>\n<\/fieldset>\n<p><span class=\"wpcf7-form-control-wrap\" data-name=\"text-646\"><input size=\"40\" maxlength=\"400\" class=\"wpcf7-form-control wpcf7-text wpcf7-validates-as-required\" aria-required=\"true\" aria-invalid=\"false\" placeholder=\"\u0627\u0644\u0625\u0633\u0645\" value=\"\" type=\"text\" name=\"text-646\" \/><\/span><br \/>\n<span class=\"wpcf7-form-control-wrap\" data-name=\"tel-474\"><input size=\"40\" maxlength=\"400\" class=\"wpcf7-form-control wpcf7-tel wpcf7-validates-as-required wpcf7-text wpcf7-validates-as-tel\" aria-required=\"true\" aria-invalid=\"false\" placeholder=\"\u0631\u0642\u0645 \u0627\u0644\u0648\u0627\u062a\u0633 \u0623\u0628\" value=\"\" type=\"tel\" name=\"tel-474\" \/><\/span><br \/>\n<span class=\"wpcf7-form-control-wrap\" data-name=\"email-452\"><input size=\"40\" maxlength=\"400\" class=\"wpcf7-form-control wpcf7-email wpcf7-validates-as-required wpcf7-text wpcf7-validates-as-email\" aria-required=\"true\" aria-invalid=\"false\" placeholder=\"\u0627\u0644\u0627\u064a\u0645\u064a\u0644\" value=\"\" type=\"email\" name=\"email-452\" \/><\/span><br \/>\n<span class=\"wpcf7-form-control-wrap\" data-name=\"textarea-849\"><textarea cols=\"40\" rows=\"10\" maxlength=\"2000\" class=\"wpcf7-form-control wpcf7-textarea\" aria-invalid=\"false\" placeholder=\"\u0627\u0644\u0631\u0633\u0627\u0644\u0629\" name=\"textarea-849\"><\/textarea><\/span><br \/>\n<input class=\"wpcf7-form-control wpcf7-submit has-spinner\" type=\"submit\" value=\"\u0625\u0631\u0633\u0627\u0644\" \/>\n<\/p><div class=\"wpcf7-response-output\" aria-hidden=\"true\"><\/div>\n<\/form>\n<\/div>\n<\/div><\/div><div class=\"wpb_column vc_column_container vc_col-sm-2\"><div class=\"wpb_wrapper\"><\/div><\/div><\/div><\/section>\n","protected":false},"excerpt":{"rendered":"\u0625\u0633\u0637\u0646\u0628\u0648\u0644 00905013327907 info@bayhas-jeans.com Be\u015ftelsiz Mh. 105\/2sk. No:53\/A Zeyyinburnu\/IST \u063a\u0627\u0632\u064a \u0639\u0646\u062a\u0627\u0628 00905013327907 info@bayhas-jeans.com Tekstilkent Mah. \u015fehrek\u00fcst\u00fc Sk. No: 27\/2\u015eahinbey\/Gaziantep \u0635\u0641\u062d\u0627\u062a \u0627\u0644\u062a\u0648\u0627\u0635\u0644 \u0627\u0644\u0627\u062c\u062a\u0645\u0627\u0639\u064a \u00a0\u00a0 \u00a0 \u0646\u062d\u0646 \u0633\u0639\u062f\u0627\u0621 \u0628\u0627\u0644\u062a\u0648\u0627\u0635\u0644 \u0645\u0639\u0646\u0627","protected":false},"author":1,"featured_media":0,"parent":0,"menu_order":0,"comment_status":"closed","ping_status":"closed","template":"","meta":{"footnotes":""},"class_list":["post-4168","page","type-page","status-publish","hentry"],"_links":{"self":[{"href":"https:\/\/bayhas-jeans.com\/ar\/wp-json\/wp\/v2\/pages\/4168","targetHints":{"allow":["GET"]}}],"collection":[{"href":"https:\/\/bayhas-jeans.com\/ar\/wp-json\/wp\/v2\/pages"}],"about":[{"href":"https:\/\/bayhas-jeans.com\/ar\/wp-json\/wp\/v2\/types\/page"}],"author":[{"embeddable":true,"href":"https:\/\/bayhas-jeans.com\/ar\/wp-json\/wp\/v2\/users\/1"}],"replies":[{"embeddable":true,"href":"https:\/\/bayhas-jeans.com\/ar\/wp-json\/wp\/v2\/comments?post=4168"}],"version-history":[{"count":24,"href":"https:\/\/bayhas-jeans.com\/ar\/wp-json\/wp\/v2\/pages\/4168\/revisions"}],"predecessor-version":[{"id":7194,"href":"https:\/\/bayhas-jeans.com\/ar\/wp-json\/wp\/v2\/pages\/4168\/revisions\/7194"}],"wp:attachment":[{"href":"https:\/\/bayhas-jeans.com\/ar\/wp-json\/wp\/v2\/media?parent=4168"}],"curies":[{"name":"wp","href":"https:\/\/api.w.org\/{rel}","templated":true}]}}